{"id":742,"date":"2023-04-26T00:17:24","date_gmt":"2023-04-26T03:17:24","guid":{"rendered":"https:\/\/felipepalhares.com.br\/?page_id=742"},"modified":"2023-04-26T00:29:18","modified_gmt":"2023-04-26T03:29:18","slug":"privacy","status":"publish","type":"page","link":"https:\/\/felipepalhares.com.br\/index.php\/privacy\/","title":{"rendered":"Privacy"},"content":{"rendered":"\t\t<div data-elementor-type=\"wp-page\" data-elementor-id=\"742\" class=\"elementor elementor-742\">\n\t\t\t\t\t\t<div class=\"elementor-inner\">\n\t\t\t\t<div class=\"elementor-section-wrap\">\n\t\t\t\t\t\t\t\t\t<section class=\"elementor-section elementor-top-section elementor-element elementor-element-b5c66f3 elementor-section-height-min-height elementor-section-boxed elementor-section-height-default elementor-section-items-middle\" data-id=\"b5c66f3\" data-element_type=\"section\" data-settings=\"{&quot;background_background&quot;:&quot;gradient&quot;}\">\n\t\t\t\t\t\t<div class=\"elementor-container elementor-column-gap-no\">\n\t\t\t\t\t\t\t<div class=\"elementor-row\">\n\t\t\t\t\t<div class=\"aux-parallax-section elementor-column elementor-col-100 elementor-top-column elementor-element elementor-element-c90e016\" data-id=\"c90e016\" data-element_type=\"column\">\n\t\t\t<div class=\"elementor-column-wrap elementor-element-populated\">\n\t\t\t\t\t\t\t<div class=\"elementor-widget-wrap\">\n\t\t\t\t\t\t<div class=\"elementor-element elementor-element-7674874 aux-appear-watch-animation aux-fade-in-right-1 elementor-widget elementor-widget-aux_modern_heading\" data-id=\"7674874\" data-element_type=\"widget\" data-widget_type=\"aux_modern_heading.default\">\n\t\t\t\t<div class=\"elementor-widget-container\">\n\t\t\t<section class=\"aux-widget-modern-heading\">\n            <div class=\"aux-widget-inner\"><p class=\"aux-modern-heading-primary\"><\/p><h2 class=\"aux-modern-heading-secondary\"><span class=\"aux-head-before\">POL\u00cdTICA DE PRIVACIDADE<\/span><\/h2><\/div>\n        <\/section>\t\t<\/div>\n\t\t\t\t<\/div>\n\t\t\t\t<div class=\"elementor-element elementor-element-6dcd5c9 elementor-widget elementor-widget-spacer\" data-id=\"6dcd5c9\" data-element_type=\"widget\" data-widget_type=\"spacer.default\">\n\t\t\t\t<div class=\"elementor-widget-container\">\n\t\t\t\t\t<div class=\"elementor-spacer\">\n\t\t\t<div class=\"elementor-spacer-inner\"><\/div>\n\t\t<\/div>\n\t\t\t\t<\/div>\n\t\t\t\t<\/div>\n\t\t\t\t\t\t<\/div>\n\t\t\t\t\t<\/div>\n\t\t<\/div>\n\t\t\t\t\t\t\t\t<\/div>\n\t\t\t\t\t<\/div>\n\t\t<\/section>\n\t\t\t\t<section class=\"elementor-section elementor-top-section elementor-element elementor-element-75581bb elementor-section-boxed elementor-section-height-default elementor-section-height-default\" data-id=\"75581bb\" data-element_type=\"section\">\n\t\t\t\t\t\t<div class=\"elementor-container elementor-column-gap-default\">\n\t\t\t\t\t\t\t<div class=\"elementor-row\">\n\t\t\t\t\t<div class=\"aux-parallax-section elementor-column elementor-col-100 elementor-top-column elementor-element elementor-element-23c34e0\" data-id=\"23c34e0\" data-element_type=\"column\">\n\t\t\t<div class=\"elementor-column-wrap elementor-element-populated\">\n\t\t\t\t\t\t\t<div class=\"elementor-widget-wrap\">\n\t\t\t\t\t\t<div class=\"elementor-element elementor-element-62eda57 elementor-widget elementor-widget-text-editor\" data-id=\"62eda57\" data-element_type=\"widget\" data-widget_type=\"text-editor.default\">\n\t\t\t\t<div class=\"elementor-widget-container\">\n\t\t\t\t\t\t\t\t<div class=\"elementor-text-editor elementor-clearfix\">\n\t\t\t\t<p>Esta Pol\u00edtica de Privacidade (\u201c<u>Pol\u00edtica<\/u>\u201d) estabelece como ser\u00e3o realizados os tratamento de dados pessoais de visitantes do site www.felipepalhares.com.br (\u201c<u>Visitantes<\/u>\u201d).\u00a0<\/p><ol><li><strong>Dados Coletados e Finalidades<\/strong><\/li><\/ol><table><tbody><tr><td width=\"209\"><p><strong>Dados Coletados<\/strong><\/p><\/td><td width=\"218\"><p><strong>Finalidades<\/strong><\/p><\/td><td width=\"174\"><p><strong>Prazo de Reten\u00e7\u00e3o<\/strong><\/p><\/td><\/tr><tr><td width=\"209\">\u00a0<\/td><td width=\"218\">\u00a0<\/td><td width=\"174\">\u00a0<\/td><\/tr><tr><td width=\"209\"><p>Registros de Acesso<\/p><p>(data e hora de acesso, endere\u00e7o IP)<\/p><\/td><td width=\"218\"><p>&#8211; Cumprir com as obriga\u00e7\u00f5es legais estabelecidas na legisla\u00e7\u00e3o nacional.<\/p><p>&#8211; Prevenir fraudes e demais atos il\u00edcitos por meio do uso do site.<\/p><\/td><td width=\"174\"><p>6 meses<\/p><\/td><\/tr><tr><td width=\"209\"><p>Dados de Visita\u00e7\u00e3o<\/p><p>(data e hora de acesso, p\u00e1ginas ou se\u00e7\u00e3o de p\u00e1ginas mais visitadas, link clicados, v\u00eddeos visualizados)<\/p><\/td><td width=\"218\"><p>&#8211; Entender o comportamento dos Visitantes ao site para melhorar o seu design e a sua navega\u00e7\u00e3o.<\/p><\/td><td width=\"174\"><p>6 meses<\/p><\/td><\/tr><\/tbody><\/table><ol start=\"2\"><li><strong>Compartilhamento de Dados<\/strong><\/li><\/ol><p>Seus dados pessoais podem ser compartilhados com:<\/p><ul><li><strong>Parceiros Comerciais, Prestadores de Servi\u00e7os e Fornecedores<\/strong>. Para a consecu\u00e7\u00e3o de nossas atividades, mantemos relacionamento e contratamos diversos parceiros, prestadores de servi\u00e7os e fornecedores, que s\u00e3o essenciais para os nossos neg\u00f3cios. Alguns desses parceiros, prestadores de servi\u00e7os e fornecedores podem precisar ter acesso aos dados pessoais que coletamos para exercer suas fun\u00e7\u00f5es, como prestadores de servi\u00e7os de tecnologia da informa\u00e7\u00e3o, servi\u00e7os de hospedagem de dados, servi\u00e7os de sele\u00e7\u00e3o e recrutamento, servi\u00e7os de gest\u00e3o das instala\u00e7\u00f5es, servi\u00e7os de gerenciamento de eventos, provedores de softwares de produtividade, assessores t\u00e9cnicos, cont\u00e1beis, jur\u00eddicos, entre outros prestadores de servi\u00e7os, casos nos quais poderemos compartilhar seus dados pessoais com eles.<\/li><\/ul><ul><li><strong>Autoridades Governamentais<\/strong>. Podemos compartilhar os seus dados pessoais com toda e qualquer Autoridade Governamental que os solicite, inclusive com \u00f3rg\u00e3os de fiscaliza\u00e7\u00e3o das atividades laborais ou de atividades financeiras, \u00f3rg\u00e3os reguladores, com \u00f3rg\u00e3os do Poder Judici\u00e1rio ou Autoridades Policiais.<\/li><\/ul><ul><li><strong>Para Terceiros Indicados por Voc\u00ea<\/strong>. Podemos compartilhar seus dados pessoais para terceiros que sejam indicados por voc\u00ea, mediante sua solicita\u00e7\u00e3o.<\/li><\/ul><ol start=\"3\"><li><strong>Cookies<\/strong><\/li><\/ol><p>Em nosso site, n\u00f3s poderemos utilizar os seguintes cookies:<\/p><ul><li><strong>Cookies estritamente necess\u00e1rios.\u00a0<\/strong>S\u00e3o essenciais para o funcionamento de nosso site, para garantir a sua seguran\u00e7a e performance adequada, sem os quais ele n\u00e3o funcionaria corretamente.<\/li><\/ul><ul><li><strong>Cookies preferenciais.\u00a0<\/strong>Armazenam informa\u00e7\u00f5es sobre suas prefer\u00eancias, como, por exemplo, o seu idioma e sua regi\u00e3o, permitindo uma melhor experi\u00eancia de navega\u00e7\u00e3o no site.<\/li><\/ul><ul><li><strong>Cookies anal\u00edticos.\u00a0<\/strong>Coletam informa\u00e7\u00f5es sobre o seu comportamento durante a navega\u00e7\u00e3o em nosso site, como as p\u00e1ginas que s\u00e3o acessadas, o tempo de visita, as p\u00e1ginas pouco acessadas, de modo a nos permitir melhorar a qualidade do site.<\/li><\/ul><p>Caso voc\u00ea se oponha \u00e0 sua utiliza\u00e7\u00e3o voc\u00ea pode recusar a instala\u00e7\u00e3o desses cookies ou remov\u00ea-los do seu navegador ou dispositivo, com exce\u00e7\u00e3o dos cookies estritamente necess\u00e1rios, que s\u00e3o fundamentais para o funcionamento correto do site.<\/p><p>Para mais informa\u00e7\u00f5es sobre como remover cookies do seu dispositivo, voc\u00ea pode acessar os seguintes sites, de acordo com o navegador que voc\u00ea utiliza. Ao acessar os respectivos sites, voc\u00ea estar\u00e1 sujeito \u00e0s pol\u00edticas de privacidade de outras empresas, que podem n\u00e3o ser condizentes ou similares aos termos desta Pol\u00edtica:<\/p><ul><li>Como remover cookies no\u00a0<a href=\"https:\/\/support.google.com\/accounts\/answer\/32050?co=GENIE.Platform%3DDesktop&amp;hl=pt-BR\">Google Chrome<\/a><\/li><li>Como remover cookies no\u00a0<a href=\"https:\/\/support.mozilla.org\/pt-BR\/kb\/limpe-cookies-e-dados-de-sites-no-firefox\">Mozilla Firefox<\/a><\/li><li>Como remover cookies no\u00a0<a href=\"https:\/\/support.apple.com\/pt-br\/HT201265\">Safari<\/a><\/li><\/ul><ol start=\"4\"><li><strong>Seus Direitos<\/strong><\/li><\/ol><p>Voc\u00ea possui os seguintes direitos em rela\u00e7\u00e3o aos seus dados pessoais:<\/p><ul><li>Confirma\u00e7\u00e3o\u00a0da exist\u00eancia do tratamento.<\/li><\/ul><ul><li>Acesso\u00a0aos seus dados pessoais.<\/li><\/ul><ul><li>Retifica\u00e7\u00e3o\u00a0de dados pessoais que estejam incompletos, inexatos ou desatualizados.<\/li><\/ul><ul><li>Anonimiza\u00e7\u00e3o, bloqueio ou exclus\u00e3o, nos casos em que forem tratados dados desnecess\u00e1rios, excessivos ou em desconformidade com a legisla\u00e7\u00e3o.\u00a0<\/li><\/ul><ul><li>Portabilidade, na forma da regulamenta\u00e7\u00e3o expedida pela Autoridade Nacional de Prote\u00e7\u00e3o de Dados.<\/li><\/ul><ul><li>Exclus\u00e3o de dados tratados com consentimento, nos casos em que essa for a base legal para uma determinada atividade de tratamento, ressalvadas as possibilidades de continuarmos armazenando os dados quando for necess\u00e1rio para o cumprimento de uma obriga\u00e7\u00e3o legal ou regulat\u00f3ria, ou para a defesa de nossos interesses em processos judiciais, administrativos ou arbitrais.<\/li><\/ul><ul><li>Informa\u00e7\u00f5es sobre compartilhamento\u00a0de dados com entidades p\u00fablicas e privadas.<\/li><\/ul><ul><li>Informa\u00e7\u00f5es sobre a possibilidade de negar seu consentimento, esse for a base legal aplic\u00e1vel para o tratamento de dados pessoais, com a indica\u00e7\u00e3o das consequ\u00eancias dessa negativa.<\/li><\/ul><ul><li>Revoga\u00e7\u00e3o de consentimento, a qualquer tempo, de forma f\u00e1cil e gratuita, bastando comunicar sua decis\u00e3o ao DPO. A revoga\u00e7\u00e3o do consentimento n\u00e3o invalida ou torna ileg\u00edtimas as atividades de tratamento de dados pessoais que tenham sido concretizadas antes da data da revoga\u00e7\u00e3o.<\/li><\/ul><ul><li>Oposi\u00e7\u00e3o ao tratamento, nos casos em que o consentimento n\u00e3o for a base legal aplic\u00e1vel ao tratamento dos seus dados pessoais, e quando houver algum descumprimento \u00e0 legisla\u00e7\u00e3o. Avaliaremos se a sua oposi\u00e7\u00e3o \u00e9 justificada ou n\u00e3o, adotando as medidas necess\u00e1rias para suspender o tratamento ou informar os fundamentos pelos quais compreende que o tratamento \u00e9 l\u00edcito e permitido.<\/li><\/ul><ul><li>Realizar uma reclama\u00e7\u00e3o, perante a Autoridade Nacional de Prote\u00e7\u00e3o de Dados.\u00a0<\/li><\/ul><p>Todos esses direitos podem ser exercidos por voc\u00ea a qualquer tempo, de modo gratuito, salvo se a cobran\u00e7a de uma taxa eventualmente for permitida de acordo com a legisla\u00e7\u00e3o ou regulamenta\u00e7\u00e3o vigente, e nos comprometemos a envidar nossos melhores esfor\u00e7os para atender \u00e0s suas solicita\u00e7\u00f5es de forma transparente e c\u00e9lere.<\/p><p>Para garantir que os direitos est\u00e3o sendo exercidos por voc\u00ea ou por seu representante legal devidamente constitu\u00eddo, poderemos solicitar informa\u00e7\u00f5es ou comprova\u00e7\u00f5es necess\u00e1rias acerca da sua identidade, no sentido de evitar fraudes e garantir a sua privacidade, para que seus dados pessoais n\u00e3o sejam compartilhados com quem n\u00e3o tenha autoriza\u00e7\u00e3o para tanto.<\/p><p>Atenderemos \u00e0s suas solicita\u00e7\u00f5es dentro de um prazo razo\u00e1vel, em conformidade com a legisla\u00e7\u00e3o aplic\u00e1vel, lembrando que somente poderemos responder a algumas solicita\u00e7\u00f5es depois de recebermos as confirma\u00e7\u00f5es previstas acima.<\/p><ol start=\"5\"><li><strong>Como Exercer Seus Direitos<\/strong><\/li><\/ol><p>Para exercer qualquer um de seus direitos mencionados acima, ou para realizar qualquer solicita\u00e7\u00e3o a respeito de seus dados pessoais, inclusive d\u00favidas sobre esta Pol\u00edtica, entre em contato com nosso DPO pelo seguinte canal de comunica\u00e7\u00e3o:<\/p><p>dpo@felipepalhares.com.br<\/p><ol start=\"6\"><li><strong>Dados do Controlador<\/strong><\/li><\/ol><p>O controlador dos seus dados pessoais \u00e9 Felipe Palhares.<\/p><ol start=\"7\"><li><strong>Atualiza\u00e7\u00f5es desta Pol\u00edtica<\/strong><\/li><\/ol><p>Esta Pol\u00edtica pode passar por altera\u00e7\u00f5es e atualiza\u00e7\u00f5es ao longo do tempo, para melhor refletir nossas pr\u00e1ticas de tratamento de dados pessoais e conferir maior seguran\u00e7a e transpar\u00eancia \u00e0s nossas opera\u00e7\u00f5es. Recomendamos que voc\u00ea verifique periodicamente esta Pol\u00edtica para se familiarizar com eventuais altera\u00e7\u00f5es.<\/p><p>\u00a0<\/p>\t\t\t\t\t<\/div>\n\t\t\t\t\t\t<\/div>\n\t\t\t\t<\/div>\n\t\t\t\t\t\t<\/div>\n\t\t\t\t\t<\/div>\n\t\t<\/div>\n\t\t\t\t\t\t\t\t<\/div>\n\t\t\t\t\t<\/div>\n\t\t<\/section>\n\t\t\t\t\t\t\t\t\t<\/div>\n\t\t\t<\/div>\n\t\t\t\t\t<\/div>\n\t\t","protected":false},"excerpt":{"rendered":"<p>POL\u00cdTICA DE PRIVACIDADE Esta Pol\u00edtica de Privacidade (\u201cPol\u00edtica\u201d) estabelece como ser\u00e3o realizados os tratamento de dados pessoais de visitantes do site www.felipepalhares.com.br (\u201cVisitantes\u201d).\u00a0 Dados Coletados e Finalidades Dados Coletados Finalidades Prazo de Reten\u00e7\u00e3o \u00a0 \u00a0 \u00a0 Registros de Acesso (data e hora de acesso, endere\u00e7o IP) &#8211; Cumprir com as obriga\u00e7\u00f5es legais estabelecidas na legisla\u00e7\u00e3o [&hellip;]<\/p>\n","protected":false},"author":1,"featured_media":0,"parent":0,"menu_order":0,"comment_status":"closed","ping_status":"closed","template":"templates\/page-builder-content.php","meta":[],"_links":{"self":[{"href":"https:\/\/felipepalhares.com.br\/index.php\/wp-json\/wp\/v2\/pages\/742"}],"collection":[{"href":"https:\/\/felipepalhares.com.br\/index.php\/wp-json\/wp\/v2\/pages"}],"about":[{"href":"https:\/\/felipepalhares.com.br\/index.php\/wp-json\/wp\/v2\/types\/page"}],"author":[{"embeddable":true,"href":"https:\/\/felipepalhares.com.br\/index.php\/wp-json\/wp\/v2\/users\/1"}],"replies":[{"embeddable":true,"href":"https:\/\/felipepalhares.com.br\/index.php\/wp-json\/wp\/v2\/comments?post=742"}],"version-history":[{"count":7,"href":"https:\/\/felipepalhares.com.br\/index.php\/wp-json\/wp\/v2\/pages\/742\/revisions"}],"predecessor-version":[{"id":750,"href":"https:\/\/felipepalhares.com.br\/index.php\/wp-json\/wp\/v2\/pages\/742\/revisions\/750"}],"wp:attachment":[{"href":"https:\/\/felipepalhares.com.br\/index.php\/wp-json\/wp\/v2\/media?parent=742"}],"curies":[{"name":"wp","href":"https:\/\/api.w.org\/{rel}","templated":true}]}}